{"id":1052,"date":"2019-08-22T21:05:03","date_gmt":"2019-08-22T19:05:03","guid":{"rendered":"http:\/\/www.vgsgehrde.de\/?page_id=1052"},"modified":"2019-08-22T21:12:50","modified_gmt":"2019-08-22T19:12:50","slug":"projekt-schulhund","status":"publish","type":"page","link":"https:\/\/vgsgehrde.de\/index.php\/hauptpunkt\/ags-und-projekte\/projekt-schulhund\/","title":{"rendered":"Projekt Schulhund"},"content":{"rendered":"<p>Schulhund Oskar<\/p>\n<p><a href=\"http:\/\/www.vgsgehrde.de\/wp-content\/uploads\/2019\/08\/7516fdc2-9fd7-4b78-ba07-bae49ca68f2b.jpg\"><img loading=\"lazy\" decoding=\"async\" class=\"alignnone size-full wp-image-1054\" src=\"http:\/\/www.vgsgehrde.de\/wp-content\/uploads\/2019\/08\/7516fdc2-9fd7-4b78-ba07-bae49ca68f2b.jpg\" alt=\"\" width=\"985\" height=\"739\" srcset=\"https:\/\/vgsgehrde.de\/wp-content\/uploads\/2019\/08\/7516fdc2-9fd7-4b78-ba07-bae49ca68f2b.jpg 985w, https:\/\/vgsgehrde.de\/wp-content\/uploads\/2019\/08\/7516fdc2-9fd7-4b78-ba07-bae49ca68f2b-300x225.jpg 300w, https:\/\/vgsgehrde.de\/wp-content\/uploads\/2019\/08\/7516fdc2-9fd7-4b78-ba07-bae49ca68f2b-768x576.jpg 768w\" sizes=\"auto, (max-width: 985px) 100vw, 985px\" \/><\/a><\/p>\n<p>Oskar ist ein dreij\u00e4hriger Labradorr\u00fcde und ist der Familienhund von Frau Brengelmann. Dort lebt er schon seit seiner 12. Lebenswoche. Vor der Ausbildung zum Schulhund hat Oskar seine Begleithundepr\u00fcfung im Hundesportverein Quakenbr\u00fccker absolviert und einige Turniere im Bereich Turnierhundesport und Canicross bestritten.<\/p>\n<p>Oskar liebt es neue Tricks zu lernen und orientiert sich dabei sehr an seiner Besitzerin. Er zeigt bei allen Aktivit\u00e4ten eine hohe Reizschwelle und keinen Schutz- oder Jagdtrieb.<span class=\"Apple-converted-space\">\u00a0<\/span><\/p>\n<p><a href=\"http:\/\/www.vgsgehrde.de\/wp-content\/uploads\/2019\/08\/45257b8f-1160-4c57-83d8-d97845798aab.jpg\"><img loading=\"lazy\" decoding=\"async\" class=\"alignnone size-full wp-image-1056\" src=\"http:\/\/www.vgsgehrde.de\/wp-content\/uploads\/2019\/08\/45257b8f-1160-4c57-83d8-d97845798aab.jpg\" alt=\"\" width=\"1447\" height=\"1085\" srcset=\"https:\/\/vgsgehrde.de\/wp-content\/uploads\/2019\/08\/45257b8f-1160-4c57-83d8-d97845798aab.jpg 1447w, https:\/\/vgsgehrde.de\/wp-content\/uploads\/2019\/08\/45257b8f-1160-4c57-83d8-d97845798aab-300x225.jpg 300w, https:\/\/vgsgehrde.de\/wp-content\/uploads\/2019\/08\/45257b8f-1160-4c57-83d8-d97845798aab-768x576.jpg 768w, https:\/\/vgsgehrde.de\/wp-content\/uploads\/2019\/08\/45257b8f-1160-4c57-83d8-d97845798aab-1024x768.jpg 1024w\" sizes=\"auto, (max-width: 1447px) 100vw, 1447px\" \/><\/a><\/p>\n<p>Oskar ist ein ausgebildeter Schulhund. Sein Einsatz in der Schule (Klassen 3a und 3b) dient p\u00e4dagogischen Zielsetzungen.<\/p>\n<p>Die beteiligten Sch\u00fcler werden bez\u00fcglich \u00c4ngsten und Allergien befragt und erarbeiten Regeln f\u00fcr den Umgang und das Verhalten mit dem Hund.<span class=\"Apple-converted-space\">\u00a0<\/span><\/p>\n<p>Oskar wird nie ohne Aufsicht mit den Sch\u00fclern allein gelassen. Er wird auf dem Schulgel\u00e4nde an der kurzen Leine gef\u00fchrt und hat im Klassenraum einen st\u00f6rungsfreien R\u00fcckzugsort.<span class=\"Apple-converted-space\">\u00a0<\/span><\/p>\n<p><span class=\"Apple-converted-space\">\u00a0<\/span>Zum Schutz des Hundes wird er an maximal 2 Tagen in der Woche eingesetzt. Den Mensabereich, K\u00fcche, Sporthalle und Feuchtr\u00e4ume darf er nicht betreten.<span class=\"Apple-converted-space\">\u00a0<\/span><\/p>\n<p>Um die M\u00f6glichkeit der \u00dcbertragung von Krankheiten m\u00f6glichst gering zu halten, wird ein ausgearbeiteter Hygieneplan mit monatlicher Reinigung des Hundematerials, der Ekto- und Endoparasietenprophylaxe des Hundes&#8230; durchgef\u00fchrt. Die Dokumentation und das Schulhundkonzept liegen in der Schule.<\/p>\n<p>Frau Brengelmann richtet sich nach dem Code of Ethics. Das ist ein Verhaltenskodex zum ethisch Verantwortlichen Handeln beim Arbeiten mit Schulhunden.<\/p>\n<p>Das Mitbringen von Hunden in die VGS Gehrde ist grunds\u00e4tzlich nicht gestattet. Ausnahmen bilden Schulhunde, Therapiehunde und Behindertenbegleithunde ( siehe Beschluss Schulvorstand<span class=\"Apple-converted-space\">\u00a0 <\/span>Juni 2019).<\/p>\n","protected":false},"excerpt":{"rendered":"<p>Schulhund Oskar Oskar ist ein dreij\u00e4hriger Labradorr\u00fcde und ist der Familienhund von Frau Brengelmann. Dort lebt er schon seit seiner 12. Lebenswoche. Vor der Ausbildung zum Schulhund hat Oskar seine &#8230; <span class=\"more\"><a class=\"more-link\" href=\"https:\/\/vgsgehrde.de\/index.php\/hauptpunkt\/ags-und-projekte\/projekt-schulhund\/\">[Read more&#8230;]<\/a><\/span><\/p>\n","protected":false},"author":1,"featured_media":0,"parent":174,"menu_order":0,"comment_status":"closed","ping_status":"closed","template":"","meta":{"_price":"","_stock":"","_tribe_ticket_header":"","_tribe_default_ticket_provider":"","_tribe_ticket_capacity":"0","_ticket_start_date":"","_ticket_end_date":"","_tribe_ticket_show_description":"","_tribe_ticket_show_not_going":false,"_tribe_ticket_use_global_stock":"","_tribe_ticket_global_stock_level":"","_global_stock_mode":"","_global_stock_cap":"","_tribe_rsvp_for_event":"","_tribe_ticket_going_count":"","_tribe_ticket_not_going_count":"","_tribe_tickets_list":"[]","_tribe_ticket_has_attendee_info_fields":false,"footnotes":"","_tec_slr_enabled":"","_tec_slr_layout":""},"class_list":["entry","page","publish","author-ruflindemann","post-1052"],"ticketed":false,"_links":{"self":[{"href":"https:\/\/vgsgehrde.de\/index.php\/wp-json\/wp\/v2\/pages\/1052","targetHints":{"allow":["GET"]}}],"collection":[{"href":"https:\/\/vgsgehrde.de\/index.php\/wp-json\/wp\/v2\/pages"}],"about":[{"href":"https:\/\/vgsgehrde.de\/index.php\/wp-json\/wp\/v2\/types\/page"}],"author":[{"embeddable":true,"href":"https:\/\/vgsgehrde.de\/index.php\/wp-json\/wp\/v2\/users\/1"}],"replies":[{"embeddable":true,"href":"https:\/\/vgsgehrde.de\/index.php\/wp-json\/wp\/v2\/comments?post=1052"}],"version-history":[{"count":2,"href":"https:\/\/vgsgehrde.de\/index.php\/wp-json\/wp\/v2\/pages\/1052\/revisions"}],"predecessor-version":[{"id":1057,"href":"https:\/\/vgsgehrde.de\/index.php\/wp-json\/wp\/v2\/pages\/1052\/revisions\/1057"}],"up":[{"embeddable":true,"href":"https:\/\/vgsgehrde.de\/index.php\/wp-json\/wp\/v2\/pages\/174"}],"wp:attachment":[{"href":"https:\/\/vgsgehrde.de\/index.php\/wp-json\/wp\/v2\/media?parent=1052"}],"curies":[{"name":"wp","href":"https:\/\/api.w.org\/{rel}","templated":true}]}}