{"id":1656,"date":"2022-03-14T12:15:13","date_gmt":"2022-03-14T11:15:13","guid":{"rendered":"http:\/\/www.vgsgehrde.de\/?page_id=1656"},"modified":"2024-05-15T16:27:25","modified_gmt":"2024-05-15T14:27:25","slug":"herzlich-willkommen-2","status":"publish","type":"page","link":"https:\/\/vgsgehrde.de\/","title":{"rendered":"Willkommen an der VGS Gehrde"},"content":{"rendered":"\n<p><\/p>\n\n\n\n<figure class=\"wp-block-image size-large\"><a href=\"https:\/\/vgsgehrde.de\/wp-content\/uploads\/2024\/05\/Leitbild-Schulhof_final-scaled.jpg\"><img loading=\"lazy\" decoding=\"async\" width=\"1024\" height=\"768\" src=\"https:\/\/vgsgehrde.de\/wp-content\/uploads\/2024\/05\/Leitbild-Schulhof_final-1024x768.jpg\" alt=\"\" class=\"wp-image-1794\" srcset=\"https:\/\/vgsgehrde.de\/wp-content\/uploads\/2024\/05\/Leitbild-Schulhof_final-1024x768.jpg 1024w, https:\/\/vgsgehrde.de\/wp-content\/uploads\/2024\/05\/Leitbild-Schulhof_final-300x225.jpg 300w, https:\/\/vgsgehrde.de\/wp-content\/uploads\/2024\/05\/Leitbild-Schulhof_final-768x576.jpg 768w, https:\/\/vgsgehrde.de\/wp-content\/uploads\/2024\/05\/Leitbild-Schulhof_final-1536x1152.jpg 1536w, https:\/\/vgsgehrde.de\/wp-content\/uploads\/2024\/05\/Leitbild-Schulhof_final-2048x1536.jpg 2048w\" sizes=\"auto, (max-width: 1024px) 100vw, 1024px\" \/><\/a><\/figure>\n\n\n\n<p class=\"has-text-align-center\"><strong>Leitbild der VGS Gehrde<\/strong><\/p>\n\n\n\n<p><strong>Unsere Leits\u00e4tze<\/strong>:<\/p>\n\n\n\n<p><strong>Lern- und Lebensort<br>Hier lernen wir und f\u00fchlen uns wohl.<\/strong><\/p>\n\n\n\n<p><strong>Selbstst\u00e4ndigkeit<br>Wir nehmen Aufgaben selbst in die Hand.<\/strong><\/p>\n\n\n\n<p><strong>Freude am Lernen<br>Wir sind mit Spa\u00df bei der Sache.<\/strong><\/p>\n\n\n\n<p><strong>Miteinander<br>Wir halten zusammen und sind ein starkes Team.<\/strong><\/p>\n\n\n\n<p><strong>Pers\u00f6nlichkeitsentwicklung<br>Wir sind einmalig und werden immer besser.<\/strong><\/p>\n\n\n\n<p><strong>WIR in Gehrde<br>Wir gestalten das Schulleben aktiv und nutzen das Dorfleben.<\/strong><\/p>\n\n\n\n<p><strong>Nachhaltigkeit<br>Wir gehen achtsam mit Natur und Materialien um.<\/strong><\/p>\n\n\n\n<p><\/p>\n\n\n\n<div class=\"wp-block-buttons is-layout-flex wp-block-buttons-is-layout-flex\">\n<div class=\"wp-block-button\"><a class=\"wp-block-button__link wp-element-button\" href=\"https:\/\/vgsgehrde.de\/index.php\/2024\/05\/15\/fuer-ein-gelingendes-lernen\/\">Hier finden Sie unser ausf\u00fchrliches Leitbild.<\/a><\/div>\n<\/div>\n","protected":false},"excerpt":{"rendered":"<p>Leitbild der VGS Gehrde Unsere Leits\u00e4tze: Lern- und LebensortHier lernen wir und f\u00fchlen uns wohl. Selbstst\u00e4ndigkeitWir nehmen Aufgaben selbst in die Hand. Freude am LernenWir sind mit Spa\u00df bei der &#8230; <span class=\"more\"><a class=\"more-link\" href=\"https:\/\/vgsgehrde.de\/\">[Read more&#8230;]<\/a><\/span><\/p>\n","protected":false},"author":1,"featured_media":0,"parent":0,"menu_order":0,"comment_status":"closed","ping_status":"closed","template":"","meta":{"_price":"","_stock":"","_tribe_ticket_header":"","_tribe_default_ticket_provider":"","_tribe_ticket_capacity":"0","_ticket_start_date":"","_ticket_end_date":"","_tribe_ticket_show_description":"","_tribe_ticket_show_not_going":false,"_tribe_ticket_use_global_stock":"","_tribe_ticket_global_stock_level":"","_global_stock_mode":"","_global_stock_cap":"","_tribe_rsvp_for_event":"","_tribe_ticket_going_count":"","_tribe_ticket_not_going_count":"","_tribe_tickets_list":"[]","_tribe_ticket_has_attendee_info_fields":false,"footnotes":"","_tec_slr_enabled":"","_tec_slr_layout":""},"class_list":["entry","page","publish","author-ruflindemann","post-1656"],"ticketed":false,"_links":{"self":[{"href":"https:\/\/vgsgehrde.de\/index.php\/wp-json\/wp\/v2\/pages\/1656","targetHints":{"allow":["GET"]}}],"collection":[{"href":"https:\/\/vgsgehrde.de\/index.php\/wp-json\/wp\/v2\/pages"}],"about":[{"href":"https:\/\/vgsgehrde.de\/index.php\/wp-json\/wp\/v2\/types\/page"}],"author":[{"embeddable":true,"href":"https:\/\/vgsgehrde.de\/index.php\/wp-json\/wp\/v2\/users\/1"}],"replies":[{"embeddable":true,"href":"https:\/\/vgsgehrde.de\/index.php\/wp-json\/wp\/v2\/comments?post=1656"}],"version-history":[{"count":19,"href":"https:\/\/vgsgehrde.de\/index.php\/wp-json\/wp\/v2\/pages\/1656\/revisions"}],"predecessor-version":[{"id":1820,"href":"https:\/\/vgsgehrde.de\/index.php\/wp-json\/wp\/v2\/pages\/1656\/revisions\/1820"}],"wp:attachment":[{"href":"https:\/\/vgsgehrde.de\/index.php\/wp-json\/wp\/v2\/media?parent=1656"}],"curies":[{"name":"wp","href":"https:\/\/api.w.org\/{rel}","templated":true}]}}