{"id":177,"date":"2015-10-15T17:01:40","date_gmt":"2015-10-15T15:01:40","guid":{"rendered":"http:\/\/www.vgsgehrde.de\/?page_id=177"},"modified":"2026-02-02T17:48:29","modified_gmt":"2026-02-02T16:48:29","slug":"elterninfo","status":"publish","type":"page","link":"https:\/\/vgsgehrde.de\/index.php\/elterninfo\/","title":{"rendered":"Elterninfo"},"content":{"rendered":"<h1 class=\"s3\">Schulordnung<\/h1>\n\n\n<p>Schulordnung<\/p>\n\n\n\n<p>Damit wir uns alle in der Schule wohlf\u00fchlen, gehen wir h\u00f6flich und respektvoll miteinander um und halten uns an die nachfolgenden Regeln:<\/p>\n\n\n\n<p><strong>Vor Unterrichtsbeginn<\/strong><\/p>\n\n\n\n<p>Beginn der Aufsicht ist an Schultagen ab 7.45 Uhr im Schulgeb\u00e4ude. Ab diesem Zeitpunkt sollst du das Schulgeb\u00e4ude betreten. Halte dich in deinem Klassenraum auf und besch\u00e4ftige dich dort ruhig.<br><strong>Mit dem Klingelzeichen um 8.05 Uhr beginnt der Unterricht.<\/strong><\/p>\n\n\n\n<p><strong>Auf dem Schulhof:<\/strong><\/p>\n\n\n\n<p>In den gro\u00dfen Pausen gehst du auf dem k\u00fcrzesten Weg zum Schulhof. Es ist w\u00e4hrend der Pause nicht erlaubt, durch das Schulgeb\u00e4ude zu laufen. Auf dem Schulhof kannst du mit deinen Mitsch\u00fclern spielen, laufen, turnen und klettern. Fu\u00dfball spielen darfst du nur in dem daf\u00fcr vorgesehenen Feld.<\/p>\n\n\n\n<p>Alle Spiele, mit denen du dich und deine Mitsch\u00fcler in Gefahr bringen kannst, sind verboten. Dazu geh\u00f6rt das Spielen und Werfen mit harten B\u00e4llen, Schneeb\u00e4llen, Kastanien und anderen Gegenst\u00e4nden sowie das H\u00fcpfen und Schubsen auf der Kletterspinne. In der Vogelnestschaukel d\u00fcrfen sich h\u00f6chstens vier Kinder aufhalten. Weil sie sehr beliebt ist, wechselt die Kindergruppe nach f\u00fcnf Minuten, dazu misst eine Uhr die Zeit. Es ist verboten, aus der Schaukel zu springen oder vor ihr herzulaufen, weil du dich oder andere stark verletzen kannst. Achte darauf, dass du nicht zu hoch schaukelst. Der rote Strich zeigt dir die obere Grenze.<\/p>\n\n\n\n<p>Mit deinem&nbsp;<strong>Spielzeugausweis&nbsp;<\/strong>kannst du dir w\u00e4hrend der Pause im Schuppen Spielsachen zum Spielen ausleihen. Die Viertkl\u00e4ssler betreuen die Spielzeugausleihe im Rahmen ihres Spielzeugdienstes. Sie nehmen die ausgeliehenen Spielsachen am Ende der Pause entgegen. Du bist daf\u00fcr verantwortlich, dass du die Spielsachen heile und vollst\u00e4ndig zur\u00fcckbringst.<\/p>\n\n\n\n<p>In&nbsp;<strong>Regenpausen&nbsp;<\/strong>bleibst bzw. gehst du in deinen Klassenraum und besch\u00e4ftigst dich dort ruhig.<br>Nach der 4. Stunde gehen die Kinder, die an der Betreuung teilnehmen, mit der Schultasche in den Betreuungsraum.<\/p>\n\n\n\n<p><strong>Im Schulgeb\u00e4ude<\/strong><\/p>\n\n\n\n<p>Achte in der gesamten Schule auf Sauberkeit. Die Toiletten sind kein Ess-, Spiel- und Aufenthaltsraum!<br>Wenn du in die Klasse kommst, setze dich ruhig auf deinen Platz und bereite deine Sachen f\u00fcr die n\u00e4chste Stunde vor.<\/p>\n\n\n\n<p>Bringe keine wertvollen Gegenst\u00e4nde wie zum Beispiel Smartwatches und Sammelkarten mit. Die Schule kann daf\u00fcr nicht haften!<br>Gegenst\u00e4nde, die dich und andere gef\u00e4hrden oder den Unterricht st\u00f6ren k\u00f6nnen, darfst du nicht mit in die Schule nehmen.<\/p>\n\n\n\n<p><strong>Nach Schulschluss:<br>Nach Unterrichtsschluss verl\u00e4sst du direkt das Schulgel\u00e4nde und gehst bzw. f\u00e4hrst nach Hause.&nbsp;<\/strong>Die zweite Pause geh\u00f6rt nicht zu deinem Schultag, wenn du nicht in der Betreuung angemeldet bist. Sie ist den Kindern vorbehalten, die noch eine Stunde l\u00e4nger zur Betreuung bleiben oder l\u00e4nger Unterricht haben.<br>Bist du in der Betreuung, stellst du deine Schultasche in die daf\u00fcr vorgesehenen F\u00e4cher im Betreuungsraum und meldest dich nach der Pause bei den p\u00e4dagogischen Mitarbeitern an.<br>Die Schulbusse halten am \u00d6PNV-Haus. Dort wartest du, unter Aufsicht einer Lehrperson, bis dein Bus kommt. Dort werden keine Lauf- und Fangspiele veranstaltet! Der Schulhof darf nach Ende der Schulzeit zum Spielen nicht \u00f6ffentlich genutzt werden.<\/p>\n\n\n\n<p><strong>Das Verlassen des Schulgel\u00e4ndes w\u00e4hrend der Schulzeit ist nicht erlaubt!<\/strong><\/p>\n\n\n\n\n","protected":false},"excerpt":{"rendered":"<p>Schulordnung Schulordnung Damit wir uns alle in der Schule wohlf\u00fchlen, gehen wir h\u00f6flich und respektvoll miteinander um und halten uns an die nachfolgenden Regeln: Vor Unterrichtsbeginn Beginn der Aufsicht ist &#8230; <span class=\"more\"><a class=\"more-link\" href=\"https:\/\/vgsgehrde.de\/index.php\/elterninfo\/\">[Read more&#8230;]<\/a><\/span><\/p>\n","protected":false},"author":1,"featured_media":0,"parent":0,"menu_order":0,"comment_status":"closed","ping_status":"closed","template":"","meta":{"_price":"","_stock":"","_tribe_ticket_header":"","_tribe_default_ticket_provider":"","_tribe_ticket_capacity":"0","_ticket_start_date":"","_ticket_end_date":"","_tribe_ticket_show_description":"","_tribe_ticket_show_not_going":false,"_tribe_ticket_use_global_stock":"","_tribe_ticket_global_stock_level":"","_global_stock_mode":"","_global_stock_cap":"","_tribe_rsvp_for_event":"","_tribe_ticket_going_count":"","_tribe_ticket_not_going_count":"","_tribe_tickets_list":"[]","_tribe_ticket_has_attendee_info_fields":false,"footnotes":"","_tec_slr_enabled":"","_tec_slr_layout":""},"class_list":["entry","page","publish","author-ruflindemann","post-177"],"ticketed":false,"_links":{"self":[{"href":"https:\/\/vgsgehrde.de\/index.php\/wp-json\/wp\/v2\/pages\/177","targetHints":{"allow":["GET"]}}],"collection":[{"href":"https:\/\/vgsgehrde.de\/index.php\/wp-json\/wp\/v2\/pages"}],"about":[{"href":"https:\/\/vgsgehrde.de\/index.php\/wp-json\/wp\/v2\/types\/page"}],"author":[{"embeddable":true,"href":"https:\/\/vgsgehrde.de\/index.php\/wp-json\/wp\/v2\/users\/1"}],"replies":[{"embeddable":true,"href":"https:\/\/vgsgehrde.de\/index.php\/wp-json\/wp\/v2\/comments?post=177"}],"version-history":[{"count":29,"href":"https:\/\/vgsgehrde.de\/index.php\/wp-json\/wp\/v2\/pages\/177\/revisions"}],"predecessor-version":[{"id":2108,"href":"https:\/\/vgsgehrde.de\/index.php\/wp-json\/wp\/v2\/pages\/177\/revisions\/2108"}],"wp:attachment":[{"href":"https:\/\/vgsgehrde.de\/index.php\/wp-json\/wp\/v2\/media?parent=177"}],"curies":[{"name":"wp","href":"https:\/\/api.w.org\/{rel}","templated":true}]}}