{"id":2109,"date":"2026-02-03T17:47:44","date_gmt":"2026-02-03T16:47:44","guid":{"rendered":"https:\/\/vgsgehrde.de\/?page_id=2109"},"modified":"2026-02-03T18:04:19","modified_gmt":"2026-02-03T17:04:19","slug":"konzepte","status":"publish","type":"page","link":"https:\/\/vgsgehrde.de\/index.php\/elterninfo\/konzepte\/","title":{"rendered":"Konzepte"},"content":{"rendered":"\n<p>Auf dieser Seite k\u00f6nnen Sie sich Konzepte der VGS Gehrde herunterladen. Bislang finden Sie die Konzepte f\u00fcr &#8222;Hausaufgaben&#8220;, &#8222;Ganztag&#8220; und &#8222;L\u00dcW im Ganztag&#8220;. <\/p>\n\n\n\n<div data-wp-interactive=\"core\/file\" class=\"wp-block-file\"><object data-wp-bind--hidden=\"!state.hasPdfPreview\" hidden class=\"wp-block-file__embed\" data=\"https:\/\/vgsgehrde.de\/wp-content\/uploads\/2026\/02\/Ganztagskonzept-Grundschule-Gehrde.pdf\" type=\"application\/pdf\" style=\"width:100%;height:600px\" aria-label=\"Einbettung von Ganztagskonzept - Grundschule Gehrde.\"><\/object><a id=\"wp-block-file--media-97db3ac7-bf46-4160-99b5-3a11c97c365d\" href=\"https:\/\/vgsgehrde.de\/wp-content\/uploads\/2026\/02\/Ganztagskonzept-Grundschule-Gehrde.pdf\">Ganztagskonzept &#8211; Grundschule Gehrde<\/a><a href=\"https:\/\/vgsgehrde.de\/wp-content\/uploads\/2026\/02\/Ganztagskonzept-Grundschule-Gehrde.pdf\" class=\"wp-block-file__button wp-element-button\" download aria-describedby=\"wp-block-file--media-97db3ac7-bf46-4160-99b5-3a11c97c365d\">Herunterladen<\/a><\/div>\n\n\n\n<div data-wp-interactive=\"core\/file\" class=\"wp-block-file\"><object data-wp-bind--hidden=\"!state.hasPdfPreview\" hidden class=\"wp-block-file__embed\" data=\"https:\/\/vgsgehrde.de\/wp-content\/uploads\/2026\/02\/Hausaufgaben-Konzept.pdf\" type=\"application\/pdf\" style=\"width:100%;height:600px\" aria-label=\"Einbettung von Hausaufgaben-Konzept.\"><\/object><a id=\"wp-block-file--media-4e88d0c7-10d7-4064-9f15-4c54e3c26190\" href=\"https:\/\/vgsgehrde.de\/wp-content\/uploads\/2026\/02\/Hausaufgaben-Konzept.pdf\">Hausaufgaben-Konzept<\/a><a href=\"https:\/\/vgsgehrde.de\/wp-content\/uploads\/2026\/02\/Hausaufgaben-Konzept.pdf\" class=\"wp-block-file__button wp-element-button\" download aria-describedby=\"wp-block-file--media-4e88d0c7-10d7-4064-9f15-4c54e3c26190\">Herunterladen<\/a><\/div>\n\n\n\n<div data-wp-interactive=\"core\/file\" class=\"wp-block-file\"><object data-wp-bind--hidden=\"!state.hasPdfPreview\" hidden class=\"wp-block-file__embed\" data=\"https:\/\/vgsgehrde.de\/wp-content\/uploads\/2026\/02\/LUeW-Prinzipien-an-der-VGS-Gehrde.pdf\" type=\"application\/pdf\" style=\"width:100%;height:600px\" aria-label=\"Einbettung von L\u00dcW Prinzipien an der VGS Gehrde.\"><\/object><a id=\"wp-block-file--media-ead11804-7007-4be2-8718-bf0b487a1282\" href=\"https:\/\/vgsgehrde.de\/wp-content\/uploads\/2026\/02\/LUeW-Prinzipien-an-der-VGS-Gehrde.pdf\">L\u00dcW Prinzipien an der VGS Gehrde<\/a><a href=\"https:\/\/vgsgehrde.de\/wp-content\/uploads\/2026\/02\/LUeW-Prinzipien-an-der-VGS-Gehrde.pdf\" class=\"wp-block-file__button wp-element-button\" download aria-describedby=\"wp-block-file--media-ead11804-7007-4be2-8718-bf0b487a1282\">Herunterladen<\/a><\/div>\n","protected":false},"excerpt":{"rendered":"<p>Auf dieser Seite k\u00f6nnen Sie sich Konzepte der VGS Gehrde herunterladen. Bislang finden Sie die Konzepte f\u00fcr &#8222;Hausaufgaben&#8220;, &#8222;Ganztag&#8220; und &#8222;L\u00dcW im Ganztag&#8220;.<\/p>\n","protected":false},"author":1,"featured_media":0,"parent":177,"menu_order":0,"comment_status":"closed","ping_status":"closed","template":"","meta":{"_price":"","_stock":"","_tribe_ticket_header":"","_tribe_default_ticket_provider":"","_tribe_ticket_capacity":"0","_ticket_start_date":"","_ticket_end_date":"","_tribe_ticket_show_description":"","_tribe_ticket_show_not_going":false,"_tribe_ticket_use_global_stock":"","_tribe_ticket_global_stock_level":"","_global_stock_mode":"","_global_stock_cap":"","_tribe_rsvp_for_event":"","_tribe_ticket_going_count":"","_tribe_ticket_not_going_count":"","_tribe_tickets_list":"[]","_tribe_ticket_has_attendee_info_fields":false,"footnotes":"","_tec_slr_enabled":"","_tec_slr_layout":""},"class_list":["entry","page","publish","author-ruflindemann","post-2109"],"ticketed":false,"_links":{"self":[{"href":"https:\/\/vgsgehrde.de\/index.php\/wp-json\/wp\/v2\/pages\/2109","targetHints":{"allow":["GET"]}}],"collection":[{"href":"https:\/\/vgsgehrde.de\/index.php\/wp-json\/wp\/v2\/pages"}],"about":[{"href":"https:\/\/vgsgehrde.de\/index.php\/wp-json\/wp\/v2\/types\/page"}],"author":[{"embeddable":true,"href":"https:\/\/vgsgehrde.de\/index.php\/wp-json\/wp\/v2\/users\/1"}],"replies":[{"embeddable":true,"href":"https:\/\/vgsgehrde.de\/index.php\/wp-json\/wp\/v2\/comments?post=2109"}],"version-history":[{"count":5,"href":"https:\/\/vgsgehrde.de\/index.php\/wp-json\/wp\/v2\/pages\/2109\/revisions"}],"predecessor-version":[{"id":2118,"href":"https:\/\/vgsgehrde.de\/index.php\/wp-json\/wp\/v2\/pages\/2109\/revisions\/2118"}],"up":[{"embeddable":true,"href":"https:\/\/vgsgehrde.de\/index.php\/wp-json\/wp\/v2\/pages\/177"}],"wp:attachment":[{"href":"https:\/\/vgsgehrde.de\/index.php\/wp-json\/wp\/v2\/media?parent=2109"}],"curies":[{"name":"wp","href":"https:\/\/api.w.org\/{rel}","templated":true}]}}