{"id":212,"date":"2015-10-28T19:59:18","date_gmt":"2015-10-28T18:59:18","guid":{"rendered":"http:\/\/www.vgsgehrde.de\/?page_id=212"},"modified":"2019-11-16T10:38:25","modified_gmt":"2019-11-16T09:38:25","slug":"schulvorstand","status":"publish","type":"page","link":"https:\/\/vgsgehrde.de\/index.php\/elterninfo\/schulvorstand\/","title":{"rendered":"Schulvorstand"},"content":{"rendered":"<p>Ein Schulvorstand ist ein Vertretungsgremium der Lehrkr\u00e4fte, der Elternschaft und bei weiterf\u00fchrenden Schulen der Sch\u00fclerschaft nach dem Nieders\u00e4chsischen Schulgesetz in der Fassung vom 12. Juli 2007. Mit der Einf\u00fchrung der \u201eEigenverantwortlichen Schule\u201c wurde in Niedersachsen die Institution des Schulvorstandes neu geschaffen. Seine Aufgaben ergeben sich aus \u00a7 38a des Nieders\u00e4chsischen Schulgesetzes in der Fassung vom 12. Juli 2007, seine Zusammensetzung aus \u00a7 38b.[3]<\/p>\n<p>&nbsp;<\/p>\n<p>Der Schulvorstand entscheidet z.B.<\/p>\n<ul>\n<li>\u00fcber die Inanspruchnahme der den Schulen im Hinblick auf ihre Eigenverantwortlichkeit von der obersten Schulbeh\u00f6rde einger\u00e4umten Entscheidungsspielr\u00e4ume,<\/li>\n<li>den Plan \u00fcber die Verwendung der Haushaltsmittel und die Entlastung der Schulleiterin oder des Schulleiters,<\/li>\n<li>Antr\u00e4ge an die Schulbeh\u00f6rde auf Genehmigung einer besonderen Organisation,<\/li>\n<li>die Zusammenarbeit mit anderen Schulen,<\/li>\n<li>die Ausgestaltung der Stundentafel,<\/li>\n<li>Schulpartnerschaften,<\/li>\n<li>die von der Schule bei der Namensgebung zu treffenden Mitwirkungsentscheidungen,<\/li>\n<li>Antr\u00e4ge an die Schulbeh\u00f6rde auf Genehmigung von Schulversuchen sowie Grunds\u00e4tze f\u00fcr<\/li>\n<li>\u00a0\u00a0\u00a0\u00a0 die T\u00e4tigkeit der p\u00e4dagogischen Mitarbeiterinnen und Mitarbeiter an Grundschulen,<\/li>\n<li>\u00a0\u00a0\u00a0\u00a0 die Durchf\u00fchrung von Projektwochen,<\/li>\n<li>\u00a0\u00a0\u00a0\u00a0 die Werbung und das Sponsoring in der Schule und<\/li>\n<li>\u00a0\u00a0\u00a0\u00a0 die j\u00e4hrliche \u00dcberpr\u00fcfung der Arbeit der Schule.<\/li>\n<\/ul>\n<p>&nbsp;<\/p>\n<p>Der Schulvorstand besteht in der Grundschule Gehrde aus acht Mitgliedern und wird f\u00fcr 2 Jahre gew\u00e4hlt. Er setzt sich zur H\u00e4lfte aus 3 Lehrkr\u00e4ften (zu denen der Schulleiter oder die Schulleiterin gerechnet wird) plus einer P\u00e4dagogischen Mitarbeiterin sowie zur H\u00e4lfte aus Vertretern der Elternschaft\u00a0zusammen.<\/p>\n<p>Den Vorsitz im Schulvorstand f\u00fchrt der \/die Schulleiter(in). Sie oder er entscheidet bei Stimmengleichheit.<\/p>\n","protected":false},"excerpt":{"rendered":"<p>Ein Schulvorstand ist ein Vertretungsgremium der Lehrkr\u00e4fte, der Elternschaft und bei weiterf\u00fchrenden Schulen der Sch\u00fclerschaft nach dem Nieders\u00e4chsischen Schulgesetz in der Fassung vom 12. Juli 2007. Mit der Einf\u00fchrung der &#8230; <span class=\"more\"><a class=\"more-link\" href=\"https:\/\/vgsgehrde.de\/index.php\/elterninfo\/schulvorstand\/\">[Read more&#8230;]<\/a><\/span><\/p>\n","protected":false},"author":1,"featured_media":0,"parent":177,"menu_order":0,"comment_status":"closed","ping_status":"closed","template":"","meta":{"_price":"","_stock":"","_tribe_ticket_header":"","_tribe_default_ticket_provider":"","_tribe_ticket_capacity":"0","_ticket_start_date":"","_ticket_end_date":"","_tribe_ticket_show_description":"","_tribe_ticket_show_not_going":false,"_tribe_ticket_use_global_stock":"","_tribe_ticket_global_stock_level":"","_global_stock_mode":"","_global_stock_cap":"","_tribe_rsvp_for_event":"","_tribe_ticket_going_count":"","_tribe_ticket_not_going_count":"","_tribe_tickets_list":"[]","_tribe_ticket_has_attendee_info_fields":false,"footnotes":"","_tec_slr_enabled":"","_tec_slr_layout":""},"class_list":["entry","page","publish","author-ruflindemann","post-212"],"ticketed":false,"_links":{"self":[{"href":"https:\/\/vgsgehrde.de\/index.php\/wp-json\/wp\/v2\/pages\/212","targetHints":{"allow":["GET"]}}],"collection":[{"href":"https:\/\/vgsgehrde.de\/index.php\/wp-json\/wp\/v2\/pages"}],"about":[{"href":"https:\/\/vgsgehrde.de\/index.php\/wp-json\/wp\/v2\/types\/page"}],"author":[{"embeddable":true,"href":"https:\/\/vgsgehrde.de\/index.php\/wp-json\/wp\/v2\/users\/1"}],"replies":[{"embeddable":true,"href":"https:\/\/vgsgehrde.de\/index.php\/wp-json\/wp\/v2\/comments?post=212"}],"version-history":[{"count":2,"href":"https:\/\/vgsgehrde.de\/index.php\/wp-json\/wp\/v2\/pages\/212\/revisions"}],"predecessor-version":[{"id":1135,"href":"https:\/\/vgsgehrde.de\/index.php\/wp-json\/wp\/v2\/pages\/212\/revisions\/1135"}],"up":[{"embeddable":true,"href":"https:\/\/vgsgehrde.de\/index.php\/wp-json\/wp\/v2\/pages\/177"}],"wp:attachment":[{"href":"https:\/\/vgsgehrde.de\/index.php\/wp-json\/wp\/v2\/media?parent=212"}],"curies":[{"name":"wp","href":"https:\/\/api.w.org\/{rel}","templated":true}]}}