{"id":214,"date":"2015-10-28T20:00:17","date_gmt":"2015-10-28T19:00:17","guid":{"rendered":"http:\/\/www.vgsgehrde.de\/?page_id=214"},"modified":"2025-05-20T15:52:40","modified_gmt":"2025-05-20T13:52:40","slug":"elternvertretung","status":"publish","type":"page","link":"https:\/\/vgsgehrde.de\/index.php\/elterninfo\/elternvertretung\/","title":{"rendered":"Schulelternrat"},"content":{"rendered":"<p>Die Elternvertretung<\/p>\n<p class=\"p1\">Die Vertretung der Eltern in der Schule ist durch den \u00a7 88 ff des Nieders\u00e4chsischen Schulgesetztes (NSchG) geregelt. Als Mitglied der Klassenelternschaft k\u00f6nnen Sie sich in die unterschiedlichen Konferenzen und Gremien w\u00e4hlen lassen. Ohne die Mitarbeit vieler Eltern in der Schule ist ein abwechslungsreiches und lebendiges Schulleben nicht mehr denkbar.\u00a0Zahlreiche Anl\u00e4sse wie Schulfeste, Klassenfeiern, Sportfeste u.a. bieten Ihnen M\u00f6glichkeiten zum pers\u00f6nlichen Engagement.<\/p>\n<p>1. Vorsitzende: Frau E. Felstehausen<\/p>\n<p>2. Vorsitzende: Frau V. Kreutzer<\/p>\n<p>Kassenwartin: Frau K. Middeke<\/p>\n","protected":false},"excerpt":{"rendered":"<p>Die Elternvertretung Die Vertretung der Eltern in der Schule ist durch den \u00a7 88 ff des Nieders\u00e4chsischen Schulgesetztes (NSchG) geregelt. Als Mitglied der Klassenelternschaft k\u00f6nnen Sie sich in die unterschiedlichen &#8230; <span class=\"more\"><a class=\"more-link\" href=\"https:\/\/vgsgehrde.de\/index.php\/elterninfo\/elternvertretung\/\">[Read more&#8230;]<\/a><\/span><\/p>\n","protected":false},"author":1,"featured_media":0,"parent":177,"menu_order":0,"comment_status":"closed","ping_status":"closed","template":"","meta":{"_price":"","_stock":"","_tribe_ticket_header":"","_tribe_default_ticket_provider":"","_tribe_ticket_capacity":"0","_ticket_start_date":"","_ticket_end_date":"","_tribe_ticket_show_description":"","_tribe_ticket_show_not_going":false,"_tribe_ticket_use_global_stock":"","_tribe_ticket_global_stock_level":"","_global_stock_mode":"","_global_stock_cap":"","_tribe_rsvp_for_event":"","_tribe_ticket_going_count":"","_tribe_ticket_not_going_count":"","_tribe_tickets_list":"[]","_tribe_ticket_has_attendee_info_fields":false,"footnotes":"","_tec_slr_enabled":"","_tec_slr_layout":""},"class_list":["entry","page","publish","author-ruflindemann","post-214"],"ticketed":false,"_links":{"self":[{"href":"https:\/\/vgsgehrde.de\/index.php\/wp-json\/wp\/v2\/pages\/214","targetHints":{"allow":["GET"]}}],"collection":[{"href":"https:\/\/vgsgehrde.de\/index.php\/wp-json\/wp\/v2\/pages"}],"about":[{"href":"https:\/\/vgsgehrde.de\/index.php\/wp-json\/wp\/v2\/types\/page"}],"author":[{"embeddable":true,"href":"https:\/\/vgsgehrde.de\/index.php\/wp-json\/wp\/v2\/users\/1"}],"replies":[{"embeddable":true,"href":"https:\/\/vgsgehrde.de\/index.php\/wp-json\/wp\/v2\/comments?post=214"}],"version-history":[{"count":7,"href":"https:\/\/vgsgehrde.de\/index.php\/wp-json\/wp\/v2\/pages\/214\/revisions"}],"predecessor-version":[{"id":2066,"href":"https:\/\/vgsgehrde.de\/index.php\/wp-json\/wp\/v2\/pages\/214\/revisions\/2066"}],"up":[{"embeddable":true,"href":"https:\/\/vgsgehrde.de\/index.php\/wp-json\/wp\/v2\/pages\/177"}],"wp:attachment":[{"href":"https:\/\/vgsgehrde.de\/index.php\/wp-json\/wp\/v2\/media?parent=214"}],"curies":[{"name":"wp","href":"https:\/\/api.w.org\/{rel}","templated":true}]}}