{"id":261,"date":"2015-11-06T20:15:53","date_gmt":"2015-11-06T19:15:53","guid":{"rendered":"http:\/\/www.vgsgehrde.de\/?page_id=261"},"modified":"2025-05-20T15:41:24","modified_gmt":"2025-05-20T13:41:24","slug":"impressum","status":"publish","type":"page","link":"https:\/\/vgsgehrde.de\/index.php\/kontakt\/impressum\/","title":{"rendered":"Impressum"},"content":{"rendered":"<p><strong>Verl\u00e4ssliche Grundschule Gehrde<\/strong><\/p>\n<div><strong>Am Schulhof 6<br \/>\n49596 Gehrde<br \/>\nTelefon: (05439) 2827<\/p>\n<p><a href=\"mailto:info@vgs-gehrde.de\">info@vgs-gehrde.de<\/a><\/strong><\/div>\n<p>Die VGS Gehrde ist eine K\u00f6rperschaft des \u00d6ffentlichen Rechts, des Landes Niedersachsens. Sie wird vertreten durch Frau B\u00e4rbel Kolfen.<br \/>\nInhaltlich Verantwortlicher gem\u00e4\u00df \u00a7 6 MDStV: B\u00e4rbel Kolfen<\/p>\n<hr \/>\n<p><strong>Haftung f\u00fcr Inhalte<\/strong><\/p>\n<p>Als Diensteanbieter sind wir gem\u00e4\u00df \u00a7 7 Abs.1 TMG f\u00fcr<br \/>\neigene Inhalte auf diesen Seiten nach den allgemeinen Gesetzen verantwortlich.<br \/>\nNach \u00a7\u00a7 8 bis 10 TMG sind wir als Diensteanbieter jedoch nicht<br \/>\nverpflichtet, \u00fcbermittelte oder gespeicherte fremde Informationen zu<br \/>\n\u00fcberwachen oder nach Umst\u00e4nden zu forschen, die auf eine rechtswidrige<br \/>\nT\u00e4tigkeit hinweisen. Verpflichtungen zur Entfernung oder Sperrung der<br \/>\nNutzung von Informationen nach den allgemeinen Gesetzen bleiben hiervon<br \/>\nunber\u00fchrt. Eine diesbez\u00fcgliche Haftung ist jedoch erst ab dem<br \/>\nZeitpunkt der Kenntnis einer konkreten Rechtsverletzung m\u00f6glich. Bei<br \/>\nBekanntwerden von entsprechenden Rechtsverletzungen werden wir diese Inhalte<br \/>\numgehend entfernen.<\/p>\n<p><strong>Haftung f\u00fcr Links<\/strong><\/p>\n<p>Unser Angebot enth\u00e4lt Links zu externen Webseiten Dritter, auf deren<br \/>\nInhalte wir keinen Einfluss haben. Deshalb k\u00f6nnen wir f\u00fcr diese<br \/>\nfremden Inhalte auch keine Gew\u00e4hr \u00fcbernehmen. F\u00fcr die Inhalte<br \/>\nder verlinkten Seiten ist stets der jeweilige Anbieter oder Betreiber der<br \/>\nSeiten verantwortlich. Die verlinkten Seiten wurden zum Zeitpunkt der Verlinkung<br \/>\nauf m\u00f6gliche Rechtsverst\u00f6\u00dfe \u00fcberpr\u00fcft. Rechtswidrige<br \/>\nInhalte waren zum Zeitpunkt der Verlinkung nicht erkennbar. Eine permanente<br \/>\ninhaltliche Kontrolle der verlinkten Seiten ist jedoch ohne konkrete Anhaltspunkte<br \/>\neiner Rechtsverletzung nicht zumutbar. Bei Bekanntwerden von Rechtsverletzungen<br \/>\nwerden wir derartige Links umgehend entfernen.<\/p>\n<p><strong>Urheberrecht<\/strong><\/p>\n<p>Die durch die Seitenbetreiber erstellten Inhalte und Werke auf diesen Seiten<br \/>\nunterliegen dem deutschen Urheberrecht. Die Vervielf\u00e4ltigung, Bearbeitung, Verbreitung und<br \/>\njede Art der Verwertung au\u00dferhalb der Grenzen des Urheberrechtes bed\u00fcrfen<br \/>\nder schriftlichen Zustimmung des jeweiligen Autors bzw. Erstellers. Downloads<br \/>\nund Kopien dieser Seite sind nur f\u00fcr den privaten, nicht kommerziellen<br \/>\nGebrauch gestattet. Soweit die Inhalte auf dieser Seite nicht vom Betreiber erstellt wurden,<br \/>\nwerden die Urheberrechte Dritter beachtet. Insbesondere werden Inhalte Dritter als solche<br \/>\ngekennzeichnet. Sollten Sie trotzdem auf eine Urheberrechtsverletzung aufmerksam werden, bitten wir um einen entsprechenden Hinweis.<br \/>\nBei Bekanntwerden von Rechtsverletzungen werden wir derartige Inhalte umgehend entfernen.<\/p>\n<p><i>Quellverweis: <a href=\"http:\/\/www.e-recht24.de\/muster-disclaimer.html\" target=\"_blank\" rel=\"nofollow noopener noreferrer\">eRecht24<\/a><\/i><\/p>\n","protected":false},"excerpt":{"rendered":"<p>Verl\u00e4ssliche Grundschule Gehrde Am Schulhof 6 49596 Gehrde Telefon: (05439) 2827 info@vgs-gehrde.de Die VGS Gehrde ist eine K\u00f6rperschaft des \u00d6ffentlichen Rechts, des Landes Niedersachsens. Sie wird vertreten durch Frau B\u00e4rbel &#8230; <span class=\"more\"><a class=\"more-link\" href=\"https:\/\/vgsgehrde.de\/index.php\/kontakt\/impressum\/\">[Read more&#8230;]<\/a><\/span><\/p>\n","protected":false},"author":1,"featured_media":0,"parent":8,"menu_order":0,"comment_status":"closed","ping_status":"closed","template":"","meta":{"_price":"","_stock":"","_tribe_ticket_header":"","_tribe_default_ticket_provider":"","_tribe_ticket_capacity":"0","_ticket_start_date":"","_ticket_end_date":"","_tribe_ticket_show_description":"","_tribe_ticket_show_not_going":false,"_tribe_ticket_use_global_stock":"","_tribe_ticket_global_stock_level":"","_global_stock_mode":"","_global_stock_cap":"","_tribe_rsvp_for_event":"","_tribe_ticket_going_count":"","_tribe_ticket_not_going_count":"","_tribe_tickets_list":"[]","_tribe_ticket_has_attendee_info_fields":false,"footnotes":"","_tec_slr_enabled":"","_tec_slr_layout":""},"class_list":["entry","page","publish","author-ruflindemann","post-261"],"ticketed":false,"_links":{"self":[{"href":"https:\/\/vgsgehrde.de\/index.php\/wp-json\/wp\/v2\/pages\/261","targetHints":{"allow":["GET"]}}],"collection":[{"href":"https:\/\/vgsgehrde.de\/index.php\/wp-json\/wp\/v2\/pages"}],"about":[{"href":"https:\/\/vgsgehrde.de\/index.php\/wp-json\/wp\/v2\/types\/page"}],"author":[{"embeddable":true,"href":"https:\/\/vgsgehrde.de\/index.php\/wp-json\/wp\/v2\/users\/1"}],"replies":[{"embeddable":true,"href":"https:\/\/vgsgehrde.de\/index.php\/wp-json\/wp\/v2\/comments?post=261"}],"version-history":[{"count":10,"href":"https:\/\/vgsgehrde.de\/index.php\/wp-json\/wp\/v2\/pages\/261\/revisions"}],"predecessor-version":[{"id":2059,"href":"https:\/\/vgsgehrde.de\/index.php\/wp-json\/wp\/v2\/pages\/261\/revisions\/2059"}],"up":[{"embeddable":true,"href":"https:\/\/vgsgehrde.de\/index.php\/wp-json\/wp\/v2\/pages\/8"}],"wp:attachment":[{"href":"https:\/\/vgsgehrde.de\/index.php\/wp-json\/wp\/v2\/media?parent=261"}],"curies":[{"name":"wp","href":"https:\/\/api.w.org\/{rel}","templated":true}]}}