{"id":311,"date":"2015-11-18T20:19:56","date_gmt":"2015-11-18T19:19:56","guid":{"rendered":"http:\/\/www.vgsgehrde.de\/?page_id=311"},"modified":"2024-05-15T16:10:49","modified_gmt":"2024-05-15T14:10:49","slug":"kooperation-mit-dem-kindergarten","status":"publish","type":"page","link":"https:\/\/vgsgehrde.de\/index.php\/kooperation-mit-dem-kindergarten\/","title":{"rendered":"Kooperation mit dem Kindergarten"},"content":{"rendered":"\n<figure class=\"wp-block-image size-large\"><a href=\"https:\/\/vgsgehrde.de\/wp-content\/uploads\/2024\/05\/Bildschirmfoto-2024-05-15-um-16.09.26.png\"><img loading=\"lazy\" decoding=\"async\" width=\"1024\" height=\"437\" src=\"https:\/\/vgsgehrde.de\/wp-content\/uploads\/2024\/05\/Bildschirmfoto-2024-05-15-um-16.09.26-1024x437.png\" alt=\"\" class=\"wp-image-1809\" srcset=\"https:\/\/vgsgehrde.de\/wp-content\/uploads\/2024\/05\/Bildschirmfoto-2024-05-15-um-16.09.26-1024x437.png 1024w, https:\/\/vgsgehrde.de\/wp-content\/uploads\/2024\/05\/Bildschirmfoto-2024-05-15-um-16.09.26-300x128.png 300w, https:\/\/vgsgehrde.de\/wp-content\/uploads\/2024\/05\/Bildschirmfoto-2024-05-15-um-16.09.26-768x328.png 768w, https:\/\/vgsgehrde.de\/wp-content\/uploads\/2024\/05\/Bildschirmfoto-2024-05-15-um-16.09.26.png 1504w\" sizes=\"auto, (max-width: 1024px) 100vw, 1024px\" \/><\/a><\/figure>\n\n\n<p style=\"text-align: center;\">Kooperation Kindergarten Sonnenschein und VGS Gehrde<\/p>\n<p style=\"text-align: center;\">\u00a0<\/p>\n<p>Als Grundlage f\u00fcr die Zusammenarbeit der VGS Gehrde mit dem Kindergarten Sonnenschein, Gehrde dient der Erlass \u201eDie Arbeit in der Grundschule\u201c vom 3.2.2004 sowie dem \u201eOrientierungsplan f\u00fcr Bildung und Erziehung im Elementarbereich nieders\u00e4chsischer Tageseinrichtungen f\u00fcr Kinder\u201c vom 15.4.2004.<\/p>\n<p style=\"text-align: left;\">Nach dem Grundschulerlass erstreckt sich die Zusammenarbeit auf<\/p>\n<ul>\n<li style=\"text-align: left;\">\u00a0gegenseitige Informationen und Abstimmung \u00fcber Ziele, Aufgaben, Arbeitsweisen und Organisationsformen der jeweiligen\u00a0Bereiche<\/li>\n<li style=\"text-align: left;\">Verst\u00e4ndigung \u00fcber elementare Kenntnisse, F\u00e4higkeiten und\u00a0Fertigkeiten, die eine Grundlage f\u00fcr die Arbeit in der Schule\u00a0darstellen<\/li>\n<li style=\"text-align: left;\">regelm\u00e4\u00dfigen Austausch \u00fcber Fragen im Zusammenhang mit\u00a0dem \u00dcbergang vom Kindergarten zur Schule (Schwerpunkt:\u00a0das letzte Kindergartenjahr = Br\u00fcckenjahr)<\/li>\n<li style=\"text-align: left;\">wechselseitige Hospitationen<\/li>\n<li style=\"text-align: left;\">gemeinsame Veranstaltungen und Projekte<\/li>\n<li style=\"text-align: left;\">gegenseitige Besuche von Kindergarten- und Schulgruppen<\/li>\n<li style=\"text-align: left;\">sowie gemeinsame Fortbildungsveranstaltungen.<\/li>\n<\/ul>\n<p>Nach dem Orientierungsplan erstreckt sich die Zusammenarbeit auf<\/p>\n<ul>\n<li style=\"text-align: left;\">eine enge Kooperation, um den \u00dcbergang vom Kindergarten\u00a0zur Schule gelingen zu lassen<\/li>\n<li style=\"text-align: left;\">gemeinsame p\u00e4dagogische Grundlagen und Austausch \u00fcber\u00a0p\u00e4dagogische Konzepte<\/li>\n<li style=\"text-align: left;\">gemeinsames Verst\u00e4ndnis \u00fcber Kompetenzen, die das Kind im\u00a0Kindergarten erwerben konnte.<\/li>\n<li style=\"text-align: left;\">Die Kooperation muss von allen Beteiligten ernst genommen\u00a0und bejaht werden sowie kontinuierlich weiter entwickelt werden.<\/li>\n<\/ul>\n<p style=\"text-align: left;\">Die Zusammenarbeit erfolgt im Einvernehmen mit dem Tr\u00e4ger des Kindergartens. In die Veranstaltungen der Schule zu Fragen des Schuleintritts sollen auch Eltern einbezogen werden, deren Kinder keinen Kindergarten besuchen.<\/p>\n<p style=\"text-align: left;\">Der \u00dcbergang vom Kindergarten in die Grundschule stellt einen Meilenstein in der Entwicklung des Kindes dar. Er muss deshalb sorgf\u00e4ltig gestaltet werden. Beide Institutionen vereinbaren gemeinsame Strukturen und Verfahren, die es dem Kind erm\u00f6glichen, den Eintritt in die Schule angstfrei und freudig zu erleben, sich in der neuen Umgebung schnell zu orientieren und seine Leistungsf\u00e4higkeit weiter zu entfalten.<\/p>\n<p style=\"text-align: left;\">Die Datenweitergabe vom Kindergarten an die Grundschule ist durch den Runderlass \u201eZusammenarbeit von Kindergarten und Grundschule \u2013 Weitergabe von Daten\u201c vom 2.5.2006 (SVBl.6 \/2006) geregelt.\u00a0Im Interesse einer vertrauensvollen Zusammenarbeit zwischen Elternhaus, Kindergarten und Schule soll die Zustimmung der Erziehungsberechtigten eingeholt werden. Dies erfolgt vom Kindergarten aus.<\/p>\n<p style=\"text-align: left;\">Die Lehrerinnen und Erzieherinnen in Gehrde treffen sich regelm\u00e4\u00dfig zum Austausch. Die Koordinatorinnen beider Einrichtun-gen sprechen Termine und Inhalte ab.<\/p>\n<p style=\"text-align: left;\"><span style=\"color: #ff0000;\"><a style=\"color: #ff0000;\" href=\"http:\/\/www.vgsgehrde.de\/wp-content\/uploads\/2015\/11\/Zusammenarbeit_Kita_Grundschule_flyer_2013.pdf\">Zusammenarbeit_Kita_Grundschule_flyer_2013<\/a><\/span><\/p>\n<p style=\"text-align: center;\"><span style=\"color: #ff0000;\">\u00a0<\/span><\/p>","protected":false},"excerpt":{"rendered":"<p>Kooperation Kindergarten Sonnenschein und VGS Gehrde \u00a0 Als Grundlage f\u00fcr die Zusammenarbeit der VGS Gehrde mit dem Kindergarten Sonnenschein, Gehrde dient der Erlass \u201eDie Arbeit in der Grundschule\u201c vom 3.2.2004 &#8230; <span class=\"more\"><a class=\"more-link\" href=\"https:\/\/vgsgehrde.de\/index.php\/kooperation-mit-dem-kindergarten\/\">[Read more&#8230;]<\/a><\/span><\/p>\n","protected":false},"author":1,"featured_media":0,"parent":0,"menu_order":0,"comment_status":"closed","ping_status":"closed","template":"","meta":{"_price":"","_stock":"","_tribe_ticket_header":"","_tribe_default_ticket_provider":"","_tribe_ticket_capacity":"0","_ticket_start_date":"","_ticket_end_date":"","_tribe_ticket_show_description":"","_tribe_ticket_show_not_going":false,"_tribe_ticket_use_global_stock":"","_tribe_ticket_global_stock_level":"","_global_stock_mode":"","_global_stock_cap":"","_tribe_rsvp_for_event":"","_tribe_ticket_going_count":"","_tribe_ticket_not_going_count":"","_tribe_tickets_list":"[]","_tribe_ticket_has_attendee_info_fields":false,"footnotes":"","_tec_slr_enabled":"","_tec_slr_layout":""},"class_list":["entry","page","publish","author-ruflindemann","post-311"],"ticketed":false,"_links":{"self":[{"href":"https:\/\/vgsgehrde.de\/index.php\/wp-json\/wp\/v2\/pages\/311","targetHints":{"allow":["GET"]}}],"collection":[{"href":"https:\/\/vgsgehrde.de\/index.php\/wp-json\/wp\/v2\/pages"}],"about":[{"href":"https:\/\/vgsgehrde.de\/index.php\/wp-json\/wp\/v2\/types\/page"}],"author":[{"embeddable":true,"href":"https:\/\/vgsgehrde.de\/index.php\/wp-json\/wp\/v2\/users\/1"}],"replies":[{"embeddable":true,"href":"https:\/\/vgsgehrde.de\/index.php\/wp-json\/wp\/v2\/comments?post=311"}],"version-history":[{"count":12,"href":"https:\/\/vgsgehrde.de\/index.php\/wp-json\/wp\/v2\/pages\/311\/revisions"}],"predecessor-version":[{"id":1811,"href":"https:\/\/vgsgehrde.de\/index.php\/wp-json\/wp\/v2\/pages\/311\/revisions\/1811"}],"wp:attachment":[{"href":"https:\/\/vgsgehrde.de\/index.php\/wp-json\/wp\/v2\/media?parent=311"}],"curies":[{"name":"wp","href":"https:\/\/api.w.org\/{rel}","templated":true}]}}