{"id":34,"date":"2015-07-14T16:08:47","date_gmt":"2015-07-14T14:08:47","guid":{"rendered":"http:\/\/vgs.ruf-limited.de\/?page_id=34"},"modified":"2020-08-24T18:01:13","modified_gmt":"2020-08-24T16:01:13","slug":"unterpunkt","status":"publish","type":"page","link":"https:\/\/vgsgehrde.de\/index.php\/hauptpunkt\/unterpunkt\/","title":{"rendered":"Betreuung"},"content":{"rendered":"<p>Immer dann, wenn das Kind keinen Unterricht hat, bietet die VGS Gehrde eine Betreuung an.<\/p>\n<p><strong>Vor dem Unterricht gibt es ab 7.45 Uhr eine Fr\u00fchaufsicht in der Schule. Es findet KEINE Fr\u00fchbetreuung mehr statt.<\/strong><\/p>\n<p><strong>In der f\u00fcnften Stunde von 11.45 Uhr bis 12.30 Uhr findet Betreuung statt. Die angemeldeten Kinder k\u00f6nnen bis maximal 12.45 Uhr betreut werden.<\/strong><\/p>\n<p>Kommt es aufgrund besonderer schulischer Veranstaltungen, wie z.B. den Bundesjugendspielen, zu einer \u00c4nderung des Stundenplanes, wird in den Unterrichtsausfallzeiten ebenfalls Betreuung angeboten.<\/p>\n<p>Sie endet in jedem Fall um 12.45 Uhr.<\/p>\n<p>Die Eltern k\u00f6nnen ihr Kind zu Beginn eines Schulhalbjahres anmelden. Diese Anmeldung erfolgt schriftlich und ist verbindlich, d. h. das Kind geht dann regelm\u00e4\u00dfig f\u00fcr die Zeit in die Betreuung, f\u00fcr die es angemeldet ist. In begr\u00fcndeten Ausnahmef\u00e4llen (z.B. ge\u00e4nderte Arbeitszeiten) k\u00f6nnen die Eltern ihr Kind auch im laufenden Halbjahr an- bzw. abmelden. Anmeldezettel sind bei der Klassenlehrerin oder bei den Betreuungskr\u00e4ften Frau Pfaffenroth und Frau Burzlaff erh\u00e4ltlich.<\/p>\n<p>Sollte das Kind einmal nicht wie angemeldet zur Betreuung kommen k\u00f6nnen, dann sollten die Eltern es vorab entschuldigen.<\/p>\n<p>Die Betreuung ist ein kostenloses Angebot der Schule.<\/p>\n<p>Den\u00a0 Kindern stehen ein eigener Gruppenraum, der Schulhof, die K\u00fcche, ein kleiner Ruhe-\/Legoraum und gegebenenfalls die Turnhalle zur Verf\u00fcgung.<\/p>\n<p>In der Betreuung k\u00f6nnen die Kinder spielen, malen, basteln oder sich ausruhen. Hausaufgaben sollen zu Hause erledigt werden.<\/p>\n","protected":false},"excerpt":{"rendered":"<p>Immer dann, wenn das Kind keinen Unterricht hat, bietet die VGS Gehrde eine Betreuung an. Vor dem Unterricht gibt es ab 7.45 Uhr eine Fr\u00fchaufsicht in der Schule. Es findet &#8230; <span class=\"more\"><a class=\"more-link\" href=\"https:\/\/vgsgehrde.de\/index.php\/hauptpunkt\/unterpunkt\/\">[Read more&#8230;]<\/a><\/span><\/p>\n","protected":false},"author":1,"featured_media":0,"parent":32,"menu_order":0,"comment_status":"open","ping_status":"open","template":"","meta":{"_price":"","_stock":"","_tribe_ticket_header":"","_tribe_default_ticket_provider":"","_tribe_ticket_capacity":"0","_ticket_start_date":"","_ticket_end_date":"","_tribe_ticket_show_description":"","_tribe_ticket_show_not_going":false,"_tribe_ticket_use_global_stock":"","_tribe_ticket_global_stock_level":"","_global_stock_mode":"","_global_stock_cap":"","_tribe_rsvp_for_event":"","_tribe_ticket_going_count":"","_tribe_ticket_not_going_count":"","_tribe_tickets_list":"[]","_tribe_ticket_has_attendee_info_fields":false,"footnotes":"","_tec_slr_enabled":"","_tec_slr_layout":""},"class_list":["entry","page","publish","author-ruflindemann","post-34"],"ticketed":false,"_links":{"self":[{"href":"https:\/\/vgsgehrde.de\/index.php\/wp-json\/wp\/v2\/pages\/34","targetHints":{"allow":["GET"]}}],"collection":[{"href":"https:\/\/vgsgehrde.de\/index.php\/wp-json\/wp\/v2\/pages"}],"about":[{"href":"https:\/\/vgsgehrde.de\/index.php\/wp-json\/wp\/v2\/types\/page"}],"author":[{"embeddable":true,"href":"https:\/\/vgsgehrde.de\/index.php\/wp-json\/wp\/v2\/users\/1"}],"replies":[{"embeddable":true,"href":"https:\/\/vgsgehrde.de\/index.php\/wp-json\/wp\/v2\/comments?post=34"}],"version-history":[{"count":11,"href":"https:\/\/vgsgehrde.de\/index.php\/wp-json\/wp\/v2\/pages\/34\/revisions"}],"predecessor-version":[{"id":2064,"href":"https:\/\/vgsgehrde.de\/index.php\/wp-json\/wp\/v2\/pages\/34\/revisions\/2064"}],"up":[{"embeddable":true,"href":"https:\/\/vgsgehrde.de\/index.php\/wp-json\/wp\/v2\/pages\/32"}],"wp:attachment":[{"href":"https:\/\/vgsgehrde.de\/index.php\/wp-json\/wp\/v2\/media?parent=34"}],"curies":[{"name":"wp","href":"https:\/\/api.w.org\/{rel}","templated":true}]}}