{"id":50,"date":"2015-07-14T16:26:18","date_gmt":"2015-07-14T14:26:18","guid":{"rendered":"http:\/\/vgs.ruf-limited.de\/?page_id=50"},"modified":"2024-12-06T11:59:11","modified_gmt":"2024-12-06T10:59:11","slug":"informationen","status":"publish","type":"page","link":"https:\/\/vgsgehrde.de\/index.php\/hauptpunkt\/informationen\/","title":{"rendered":"Informationen"},"content":{"rendered":"<div class=\"ce_text block\">\u00a0<strong>Unterrichtszeiten (ab 05.02.2020)<\/strong><\/div>\n<div class=\"ce_text block\">\n<table rules=\"rows\">\n<tbody>\n<tr>\n<td>1. Stunde<\/td>\n<td>\u00a0 8:05<\/td>\n<td>&#8211;<\/td>\n<td>\u00a0 8:50<\/td>\n<td>Uhr<\/td>\n<\/tr>\n<tr>\n<td>2. Stunde<\/td>\n<td>\u00a0 8:50<\/td>\n<td>&#8211;<\/td>\n<td>\u00a0 9:35<\/td>\n<td>Uhr<\/td>\n<\/tr>\n<tr>\n<td>Fr\u00fchst\u00fcckspause<\/td>\n<td>\u00a0 9:35<\/td>\n<td>&#8211;<\/td>\n<td>\u00a0 9:45<\/td>\n<td>Uhr<\/td>\n<\/tr>\n<tr>\n<td>Spielpause<\/td>\n<td>\u00a0 9:45<\/td>\n<td>&#8211;<\/td>\n<td>10:00<\/td>\n<td>Uhr<\/td>\n<\/tr>\n<tr>\n<td>3. Stunde<\/td>\n<td>10:00<\/td>\n<td>&#8211;<\/td>\n<td>10:45<\/td>\n<td>Uhr<\/td>\n<\/tr>\n<tr>\n<td>4. Stunde<\/td>\n<td>10:45<\/td>\n<td>&#8211;<\/td>\n<td>11:30<\/td>\n<td>Uhr<\/td>\n<\/tr>\n<tr>\n<td>Spielpause<\/td>\n<td>11:30<\/td>\n<td>&#8211;<\/td>\n<td>11:45<\/td>\n<td>Uhr<\/td>\n<\/tr>\n<tr>\n<td>5. Stunde<\/td>\n<td>11:45<\/td>\n<td>&#8211;<\/td>\n<td>12:30<\/td>\n<td>Uhr<\/td>\n<\/tr>\n<tr>\n<td>kleine Pause<\/td>\n<td>12:30<\/td>\n<td>&#8211;<\/td>\n<td>12:35<\/td>\n<td>Uhr<\/td>\n<\/tr>\n<tr>\n<td>6. Stunde<\/td>\n<td>12:35<\/td>\n<td>&#8211;<\/td>\n<td>13:20<\/td>\n<td>Uhr<\/td>\n<\/tr>\n<\/tbody>\n<\/table>\n<p><strong>Sekretariat<\/strong>: Mo, Die, Do von 08:00-13:00 Uhr<\/p>\n<p><strong>Adressen\u00e4nderung<\/strong><\/p>\n<p>Vor der Einschulung Ihres Kindes haben Sie Ihre g\u00fcltige Adresse und Telefonnummer angegeben. Sollte sich daran etwas \u00e4ndern, bitten wir um\u00a0<strong>sofortige Mitteilung<\/strong>\u00a0der neuen Daten.<\/p>\n<p>1. an die Klassenlehrerin (Aktualisierung des Klassenbuchs und der Telefonkette)<\/p>\n<p>2. an das Sekretariat (\u00c4nderung der Sch\u00fclerkartei).<\/p>\n<\/div>\n<div class=\"ce_text block\">\n<p><strong>Beaufsichtigung der Kinder<\/strong><\/p>\n<p>Die Beaufsichtigung der Kinder auf dem Schulgrundst\u00fcck und auf den Wegen zu und von Unterrichtsveranstaltungen au\u00dferhalb des Schulgrundst\u00fccks erfolgt durch die Mitarbeiter der Schule. Hierf\u00fcr hat die Schule einen Aufsichtsplan, welcher die Aufsichtspflichten der Mitarbeiter regelt. Die Aufsicht beginnt und endet jeweils 15 Minuten vor und nach Unterrichtsende. Angemeldete Betreuungskinder werden innerhalb der Betreuungszeiten beaufsichtigt. Auch an der Schulbushaltestelle f\u00fchrt die Schule eine Aufsicht.<\/p>\n<\/div>\n<div class=\"ce_text block\">\n<p><strong>Beurlaubung<\/strong><\/p>\n<p>Mit Vollendung des 6. Lebensjahres besteht f\u00fcr alle Kinder Schulpflicht, d.h., dass Ihr Kind verpflichtet ist, an allen Werktagen au\u00dferhalb der Ferien die Schule zu besuchen. In dringenden und begr\u00fcndeten F\u00e4llen ist eine Beurlaubung m\u00f6glich, die bis zu drei Tagen vom\/von der Klassenlehrer\/in, bis zu sieben Tagen vom Schulleiter erteilt werden kann. F\u00fcr eine Beurlaubung unmittelbar vor oder nach den Ferien ist in jedem Fall ein schriftlicher Antrag zu stellen, dem jedoch lt. Schulgesetz nur dann entsprochen werden kann, wenn pers\u00f6nliche zwingende Gr\u00fcnde vorliegen.<\/p>\n<p>Kinder, f\u00fcr die vor der Einschulung ein Sprachf\u00f6rderbedarf festgestellt wurde, besteht die Pflicht, ein Jahr vor der Einschulung an der Sprachf\u00f6rderung der Grundschule teilzunehmen. Die Sprachf\u00f6rderung erteilt eine Lehrerin der Grundschule.<\/p>\n<\/div>\n<div class=\"ce_text block\">\n<p><strong>Eigenverantwortliche Schule<\/strong><\/p>\n<p>Die VGS Gehrde ist seit dem 01.08.2007 Eigenverantwortliche Schule mit einem\u00a0<span style=\"color: #ff0000;\"><a style=\"color: #ff0000;\" href=\"http:\/\/www.vgsgehrde.de\/index.php\/elterninfo\/schulvorstand\/\">Schulvorstand<\/a><\/span>.<\/p>\n<\/div>\n<div class=\"ce_text block\">\n<p><strong>Elternsprechtage und Lehrersprechzeiten<\/strong><\/p>\n<p>J\u00e4hrlich finden zwei Elternsprechtage statt, an denen die M\u00f6glichkeit besteht, alle Lehrkr\u00e4fte der Schule zu sprechen. Unter Ber\u00fccksichtigung von Terminw\u00fcnschen sind Gespr\u00e4che von etwa 10 Minuten m\u00f6glich.<br \/>\nEinzelgespr\u00e4che mit den Lehrkr\u00e4ften k\u00f6nnen selbstverst\u00e4ndlich auch au\u00dferhalb der Elternsprechtage jederzeit vereinbart werden. Kontaktieren Sie hierzu bitte die entsprechenden Lehrerinnen.<\/p>\n<\/div>\n<div class=\"ce_text block\">\n<p><strong>Fundsachen<\/strong><\/p>\n<p>Gegenst\u00e4nde, die Ihr Kind in der Schule verloren oder liegengelassen hat, werden beim Hausmeister gesammelt. Diese Fundsachen k\u00f6nnen von Ihnen oder Ihrem Kind beim Hausmeister pers\u00f6nlich gesichtet bzw. abgeholt werden. An den Elternsprechtagen werden nicht abgeholte Fundsachen nochmals ausgelegt. Alle Fundsachen die nicht abgeholt werden, werden jeweils zu Beginn der Ferien zu den Altkleidern gegeben.<br \/>\nGrunds\u00e4tzlich m\u00f6chten wir Sie darauf hinweisen, dass es nicht sinnvoll ist, wenn Sie Ihrem Kind wertvolle Gegenst\u00e4nde, hohe Geldbetr\u00e4ge usw. mit in die Schule geben. Die Schule \u00fcbernimmt hierf\u00fcr keine Haftung.<\/p>\n<\/div>\n<div class=\"ce_text block\">\n<p><strong>Hausaufgaben<\/strong><\/p>\n<p>Hausaufgaben dienen der \u00dcbung und Festigung des Unterrichtsstoffs. In der Grundschule sollte die Dauer von ca. 30 Minuten (je nach Klassenstufe) nicht wesentlich \u00fcberschritten werden. Von Freitag zu Montag werden grunds\u00e4tzlich keine Hausaufgaben erteilt.<\/p>\n<\/div>\n<div class=\"ce_text block\">\n<p><strong>Hausschuhe<\/strong><\/p>\n<p>Alle Kinder tragen im Schulgeb\u00e4ude Hausschuhe, die am Unterrichtsende und in den Pausen gegen die Stra\u00dfenschuhe getauscht werden. Die Hausschuhe bleiben in der Schule.<\/p>\n<\/div>\n<div class=\"ce_text block\">\n<p><strong>Kopiergeld und Klassenkasse<\/strong><\/p>\n<p>Im Laufe des Schuljahres erhalten Ihre Kinder zahlreiche Kopien, die als Erg\u00e4nzungen der Lehrb\u00fccher und als \u00dcbungsmaterial unverzichtbar sind. Ferner m\u00fcssen immer wieder kleinere Summen f\u00fcr unterschiedliche Vorhaben eingesammelt werden. Auf Anregung der Elternvertretung im Schulvorstand sammeln wir zu Schuljahresbeginn 15 \u20ac pro Kind (5 \u20ac Kopiergeld, 10 \u20ac Klassenkasse) ein.Die Klassenkasse wird vom jeweiligen Klassenlehrer verwaltet und abgerechnet. Bitte geben Sie das Ihren Kindern das Geld in den ersten Unterrichtstagen mit.<\/p>\n<p>F\u00fcr das 2.Halbjahr sammeln wir erneut 5 \u20ac Kopiergeld ein.\u00a0 Bitte geben Sie es Ihrem Kind zeitnah mit.<\/p>\n<\/div>\n<div class=\"ce_text block\">\n<p><strong>Krankheiten<\/strong><\/p>\n<p>Sollte ihr Kind krank sein, bitten wir morgens um eine telefonische Krankmeldung.\u00a0Sobald eine Teilnahme am Unterricht wieder m\u00f6glich ist, geben Sie Ihrem Kind eine schriftliche Entschuldigung mit, aus der die Dauer und (falls gew\u00fcnscht) der Grund der Erkrankung hervorgehen sollte.<\/p>\n<p>Ist ihr Kind l\u00e4ngerfristig krank, sind Sie verpflichtet, sp\u00e4testens am dritten Tag ein \u00e4rztliches Attest einzureichen.<\/p>\n<p><strong>Schulb\u00fccher<\/strong><\/p>\n<\/div>\n<div class=\"ce_text block\">\n<p>Im Rahmen der Lehrmittelfreiheit stellt die Schule Ihnen Schulb\u00fccher gegen eine Entleihgeb\u00fchr f\u00fcr die Dauer von einem oder zwei Jahren zur Verf\u00fcgung.<\/p>\n<p>Diese B\u00fccher sind das\u00a0<strong>Eigentum des Landes Niedersachsen. Daher m\u00fcssen alle entliehenen B\u00fccher mit einem Schutzumschlag versehen werden.<\/strong><\/p>\n<p><strong>Bei Verlust, Besch\u00e4digung oder ungew\u00f6hnlich starker Abnutzung muss die Schule am Ende des Jahres im Auftrag des Landes Niedersachsen Schadenersatz fordern.<\/strong><\/p>\n<p>Bei R\u00fcckfragen wenden Sie sich bitte an Frau Berding.<\/p>\n<\/div>\n<div class=\"ce_text block\">\n<p><strong>Schulranzen<\/strong><\/p>\n<p>Um das Gewicht der Schulranzen so gering wie m\u00f6glich zu halten, bieten wir den Sch\u00fclern F\u00e4cher in den Klassenr\u00e4umen an. In diesen k\u00f6nnen verschiedene Unterrichtsmaterialien wie Tuschzeug, Mappen, Bastelmaterialien und nicht ben\u00f6tigte Schulb\u00fccher aufbewahrt werden.<\/p>\n<\/div>\n<div class=\"ce_text block\">\n<p><strong>Unfall<\/strong><\/p>\n<p>In der Schule, auf dem Schulweg und bei besonderen schulischen Veranstaltungen ist Ihr Kind gegen die Folgen eines Unfalls versichert. War ein Arztbesuch erforderlich, m\u00fcssen Sie unverz\u00fcglich die Klassenleitung informieren, die in diesem Fall die Unfallmeldung an den Gemeindeunfallversicherungsverband weiterleitet.<\/p>\n<\/div>\n<div class=\"ce_text block\"><\/div>\n<div class=\"ce_text block\">\n<p><strong>Witterungsverh\u00e4ltnisse<\/strong><\/p>\n<p>Die Entscheidung dar\u00fcber, ob bei extremen Witterungsverh\u00e4ltnissen (z.B. Stra\u00dfengl\u00e4tte, Sturm ..) der Unterricht f\u00fcr einen oder mehrere Tage ausf\u00e4llt, trifft der Landkreis Osnabr\u00fcck. Dies wird so fr\u00fch wie m\u00f6glich \u00fcber den Rundfunk bekanntgegeben oder kann im Internet unter www.vmz-niedersachsen.de nachgeschaut werden.<\/p>\n<p>F\u00fcr Kinder die aus Unkenntnis des Schulausfalls oder wegen mangelnder Betreuungsm\u00f6glichkeit trotzdem in der Schule ankommen, wird eine Notbetreuung angeboten. Erziehungsberechtigten, die eine unzumutbare Gef\u00e4hrdung auf dem Schulweg durch extreme Witterungsverh\u00e4ltnisse bef\u00fcrchten, ist es freigestellt. Ihre Kinder auch dann f\u00fcr einen Tag zu Hause zu behalten, wenn kein genereller Unterrichtsausfall angeordnet ist.<\/p>\n<\/div>\n<div class=\"ce_text block\">\n<p><strong>Zeugnisse und Zensuren<\/strong><\/p>\n<p>Zeugnisse sind offizielle Leistungsbeurteilungen, die halbj\u00e4hrlich erteilt werden. Ausnahme: Im 1. Schuljahr erhalten die Kinder das erste Zeugnis am Ende des Schuljahres. In Klasse 1 und 2 erfolgt die Beurteilung in Form von Lernstandsbeschreibungen. Am Ende der 2. Klasse erfolgt eine Versetzung. Sie wird nicht ausgesprochen, wenn das Lernziel in zwei von drei Lehrg\u00e4ngen (Lesen, Schreiben, Rechnen) nicht erreicht wurde.<\/p>\n<p>In Klasse 3 und 4 erhalten die Kinder Zensuren. Ab Klasse 3 erh\u00e4lt Ihr Kind in einigen F\u00e4chern nur halbj\u00e4hrlich Unterricht. Gem\u00e4\u00df der Zeugnisbestimmungen erscheinen die Halbjahresnoten des Faches auf dem Zeugnis zum Schuljahresende. Die Klassenlehrerinnen erkl\u00e4ren jeweils in den Klassen, um welche F\u00e4cher es sich handelt. Am Ende der 3. und 4. Klasse erfolgt eine Versetzung. Sie wird nicht ausgesprochen, wenn die Leistungen in zwei von drei Hauptf\u00e4chern (Deutsch, Mathematik, Sachunterricht) mit mangelhaft bewertet werden.\u00a0Am Ende des 4. Schuljahres erfolgt ein \u00dcbergang in eine weiterf\u00fchrende Schule. Seit dem\u00a0Schuljahr 15\/16 werden\u00a0keine \u00a0Schullaufbahnempfehlung am Ende des 4. Jahrgangs durch die Klassenkonferenz mehr ausgesprochen. Stattdessen gibt es zwei Beratungstermine im Schuljahr, zu denen\u00a0 Protokolle angefertigt werden.\u00a0Mit diesen beiden Protokollen und dem Halbjahreszeugnis k\u00f6nnen Eltern ihre Kinder in einem bestimmten Anmeldezeitraum\u00a0am Ende des Schuljahres\u00a0an den weiterf\u00fchrenden Schulen anmelden. Das Ganzjahreszeugnis gibt es dann am letzten Schultag.<\/p>\n<\/div>\n","protected":false},"excerpt":{"rendered":"<p>\u00a0Unterrichtszeiten (ab 05.02.2020) 1. Stunde \u00a0 8:05 &#8211; \u00a0 8:50 Uhr 2. Stunde \u00a0 8:50 &#8211; \u00a0 9:35 Uhr Fr\u00fchst\u00fcckspause \u00a0 9:35 &#8211; \u00a0 9:45 Uhr Spielpause \u00a0 9:45 &#8211; &#8230; <span class=\"more\"><a class=\"more-link\" href=\"https:\/\/vgsgehrde.de\/index.php\/hauptpunkt\/informationen\/\">[Read more&#8230;]<\/a><\/span><\/p>\n","protected":false},"author":1,"featured_media":0,"parent":32,"menu_order":0,"comment_status":"open","ping_status":"open","template":"","meta":{"_price":"","_stock":"","_tribe_ticket_header":"","_tribe_default_ticket_provider":"","_tribe_ticket_capacity":"0","_ticket_start_date":"","_ticket_end_date":"","_tribe_ticket_show_description":"","_tribe_ticket_show_not_going":false,"_tribe_ticket_use_global_stock":"","_tribe_ticket_global_stock_level":"","_global_stock_mode":"","_global_stock_cap":"","_tribe_rsvp_for_event":"","_tribe_ticket_going_count":"","_tribe_ticket_not_going_count":"","_tribe_tickets_list":"[]","_tribe_ticket_has_attendee_info_fields":false,"footnotes":"","_tec_slr_enabled":"","_tec_slr_layout":""},"class_list":["entry","page","publish","author-ruflindemann","post-50"],"ticketed":false,"_links":{"self":[{"href":"https:\/\/vgsgehrde.de\/index.php\/wp-json\/wp\/v2\/pages\/50","targetHints":{"allow":["GET"]}}],"collection":[{"href":"https:\/\/vgsgehrde.de\/index.php\/wp-json\/wp\/v2\/pages"}],"about":[{"href":"https:\/\/vgsgehrde.de\/index.php\/wp-json\/wp\/v2\/types\/page"}],"author":[{"embeddable":true,"href":"https:\/\/vgsgehrde.de\/index.php\/wp-json\/wp\/v2\/users\/1"}],"replies":[{"embeddable":true,"href":"https:\/\/vgsgehrde.de\/index.php\/wp-json\/wp\/v2\/comments?post=50"}],"version-history":[{"count":13,"href":"https:\/\/vgsgehrde.de\/index.php\/wp-json\/wp\/v2\/pages\/50\/revisions"}],"predecessor-version":[{"id":2045,"href":"https:\/\/vgsgehrde.de\/index.php\/wp-json\/wp\/v2\/pages\/50\/revisions\/2045"}],"up":[{"embeddable":true,"href":"https:\/\/vgsgehrde.de\/index.php\/wp-json\/wp\/v2\/pages\/32"}],"wp:attachment":[{"href":"https:\/\/vgsgehrde.de\/index.php\/wp-json\/wp\/v2\/media?parent=50"}],"curies":[{"name":"wp","href":"https:\/\/api.w.org\/{rel}","templated":true}]}}