{"id":8,"date":"2015-07-14T13:44:20","date_gmt":"2015-07-14T11:44:20","guid":{"rendered":"http:\/\/vgs.ruf-limited.de\/?page_id=8"},"modified":"2025-05-20T15:42:16","modified_gmt":"2025-05-20T13:42:16","slug":"kontakt","status":"publish","type":"page","link":"https:\/\/vgsgehrde.de\/index.php\/kontakt\/","title":{"rendered":"Kontakt"},"content":{"rendered":"<p><strong style=\"font-size: revert;\"><br \/>\nVerl\u00e4ssliche Grundschule Gehrde<\/strong><\/p>\n<div><strong> Am Schulhof 6<br \/>\n49596 Gehrde<br \/>\nTelefon: (05439) 2827<\/p>\n<p><a href=\"mailto:info@vgs-gehrde.de\">info@vgs-gehrde.de<\/a><\/strong><\/div>\n<p>Die VGS Gehrde ist eine K\u00f6rperschaft des \u00d6ffentlichen Rechts. Sie wird kommissarisch vertreten durch Frau B\u00e4rbel Kolfen.<br \/>\nInhaltlich Verantwortliche gem\u00e4\u00df \u00a7 6 MDStV: B\u00e4rbel Kolfen.<\/p>\n","protected":false},"excerpt":{"rendered":"<p>Verl\u00e4ssliche Grundschule Gehrde Am Schulhof 6 49596 Gehrde Telefon: (05439) 2827 info@vgs-gehrde.de Die VGS Gehrde ist eine K\u00f6rperschaft des \u00d6ffentlichen Rechts. Sie wird kommissarisch vertreten durch Frau B\u00e4rbel Kolfen. Inhaltlich &#8230; <span class=\"more\"><a class=\"more-link\" href=\"https:\/\/vgsgehrde.de\/index.php\/kontakt\/\">[Read more&#8230;]<\/a><\/span><\/p>\n","protected":false},"author":1,"featured_media":0,"parent":0,"menu_order":0,"comment_status":"open","ping_status":"open","template":"","meta":{"_price":"","_stock":"","_tribe_ticket_header":"","_tribe_default_ticket_provider":"","_tribe_ticket_capacity":"0","_ticket_start_date":"","_ticket_end_date":"","_tribe_ticket_show_description":"","_tribe_ticket_show_not_going":false,"_tribe_ticket_use_global_stock":"","_tribe_ticket_global_stock_level":"","_global_stock_mode":"","_global_stock_cap":"","_tribe_rsvp_for_event":"","_tribe_ticket_going_count":"","_tribe_ticket_not_going_count":"","_tribe_tickets_list":"[]","_tribe_ticket_has_attendee_info_fields":false,"footnotes":"","_tec_slr_enabled":"","_tec_slr_layout":""},"class_list":["entry","page","publish","author-ruflindemann","post-8"],"ticketed":false,"_links":{"self":[{"href":"https:\/\/vgsgehrde.de\/index.php\/wp-json\/wp\/v2\/pages\/8","targetHints":{"allow":["GET"]}}],"collection":[{"href":"https:\/\/vgsgehrde.de\/index.php\/wp-json\/wp\/v2\/pages"}],"about":[{"href":"https:\/\/vgsgehrde.de\/index.php\/wp-json\/wp\/v2\/types\/page"}],"author":[{"embeddable":true,"href":"https:\/\/vgsgehrde.de\/index.php\/wp-json\/wp\/v2\/users\/1"}],"replies":[{"embeddable":true,"href":"https:\/\/vgsgehrde.de\/index.php\/wp-json\/wp\/v2\/comments?post=8"}],"version-history":[{"count":15,"href":"https:\/\/vgsgehrde.de\/index.php\/wp-json\/wp\/v2\/pages\/8\/revisions"}],"predecessor-version":[{"id":2060,"href":"https:\/\/vgsgehrde.de\/index.php\/wp-json\/wp\/v2\/pages\/8\/revisions\/2060"}],"wp:attachment":[{"href":"https:\/\/vgsgehrde.de\/index.php\/wp-json\/wp\/v2\/media?parent=8"}],"curies":[{"name":"wp","href":"https:\/\/api.w.org\/{rel}","templated":true}]}}